{"id":1082953,"date":"2025-11-20T15:02:59","date_gmt":"2025-11-20T21:02:59","guid":{"rendered":"https:\/\/runahr.com\/?page_id=1082953"},"modified":"2026-02-25T15:51:19","modified_gmt":"2026-02-25T21:51:19","slug":"terminos-campana-referidos","status":"publish","type":"page","link":"https:\/\/runahr.com\/ar\/terminos-campana-referidos\/","title":{"rendered":"T\u00e9rminos de Campa\u00f1a de Referidos"},"content":{"rendered":"\t\t<div data-elementor-type=\"wp-page\" data-elementor-id=\"1082953\" class=\"elementor elementor-1082953 elementor-1016037\" data-elementor-post-type=\"page\">\n\t\t\t\t<div class=\"elementor-element elementor-element-e1b8276 e-flex e-con-boxed e-con e-parent\" data-id=\"e1b8276\" data-element_type=\"container\" data-e-type=\"container\">\n\t\t\t\t\t<div class=\"e-con-inner\">\n\t\t\t\t<div class=\"elementor-element elementor-element-d0c34dc elementor-widget elementor-widget-heading\" data-id=\"d0c34dc\" data-element_type=\"widget\" data-e-type=\"widget\" data-widget_type=\"heading.default\">\n\t\t\t\t\t<h1 class=\"elementor-heading-title elementor-size-default\">T\u00e9rminos de Campa\u00f1a de Referidos<\/h1>\t\t\t\t<\/div>\n\t\t\t\t<div class=\"elementor-element elementor-element-4d15633 elementor-widget-divider--view-line elementor-widget elementor-widget-divider\" data-id=\"4d15633\" data-element_type=\"widget\" data-e-type=\"widget\" data-widget_type=\"divider.default\">\n\t\t\t\t\t\t\t<div class=\"elementor-divider\">\n\t\t\t<span class=\"elementor-divider-separator\">\n\t\t\t\t\t\t<\/span>\n\t\t<\/div>\n\t\t\t\t\t\t<\/div>\n\t\t\t\t<div class=\"elementor-element elementor-element-691b3b1 elementor-widget elementor-widget-text-editor\" data-id=\"691b3b1\" data-element_type=\"widget\" data-e-type=\"widget\" data-widget_type=\"text-editor.default\">\n\t\t\t\t\t\t\t\t\t<p><em>ACTUALIZADA: 1 DE DICIEMBRE 2023<\/em><\/p>\t\t\t\t\t\t\t\t<\/div>\n\t\t\t\t<div class=\"elementor-element elementor-element-e6237bf elementor-widget elementor-widget-text-editor\" data-id=\"e6237bf\" data-element_type=\"widget\" data-e-type=\"widget\" data-widget_type=\"text-editor.default\">\n\t\t\t\t\t\t\t\t\t<p><span>La campa\u00f1a de referidos es un sistema de recompensas que se ofrece por referir a empresas que se conviertan en nuevos clientes. La campa\u00f1a est\u00e1 sujeta a los t\u00e9rminos y condiciones que se proporcionan a continuaci\u00f3n. Al enviar a un referido o al participar de otra forma en la campa\u00f1a, usted afirma estar de acuerdo con estos t\u00e9rminos y condiciones.<\/span><\/p>\t\t\t\t\t\t\t\t<\/div>\n\t\t\t\t<div class=\"elementor-element elementor-element-beb9814 elementor-widget elementor-widget-heading\" data-id=\"beb9814\" data-element_type=\"widget\" data-e-type=\"widget\" data-widget_type=\"heading.default\">\n\t\t\t\t\t<h2 class=\"elementor-heading-title elementor-size-default\">1. Usuarios promotores \n<\/h2>\t\t\t\t<\/div>\n\t\t\t\t<div class=\"elementor-element elementor-element-5be4030 elementor-widget elementor-widget-text-editor\" data-id=\"5be4030\" data-element_type=\"widget\" data-e-type=\"widget\" data-widget_type=\"text-editor.default\">\n\t\t\t\t\t\t\t\t\t<p><span>Para que una persona sea reconocida como usuario promotor, es decir que su participaci\u00f3n sea v\u00e1lida en la campa\u00f1a de referidos, deber\u00e1 cumplir con las siguientes condiciones:<\/span><\/p><ul><li style=\"font-weight: 400;\" aria-level=\"1\"><span>Particip\u00f3 en la campa\u00f1a a trav\u00e9s del sitio web de Runa o es empleado\/a de un cliente actual de Runa en Argentina.<\/span><\/li><\/ul><p><span>Para que el usuario promotor se torne acreedor de los beneficios indicados en el punto 4.1, sus referidos deben cumplir los requisitos indicados en el punto 2.<\/span><\/p>\t\t\t\t\t\t\t\t<\/div>\n\t\t\t\t<div class=\"elementor-element elementor-element-3d3a7fb elementor-widget elementor-widget-heading\" data-id=\"3d3a7fb\" data-element_type=\"widget\" data-e-type=\"widget\" data-widget_type=\"heading.default\">\n\t\t\t\t\t<h2 class=\"elementor-heading-title elementor-size-default\">2. Referidos elegibles<\/h2>\t\t\t\t<\/div>\n\t\t\t\t<div class=\"elementor-element elementor-element-4c42965 elementor-widget elementor-widget-text-editor\" data-id=\"4c42965\" data-element_type=\"widget\" data-e-type=\"widget\" data-widget_type=\"text-editor.default\">\n\t\t\t\t\t\t\t\t\t<p><span>Un referido elegible es cualquier empresa que haya sido referida a trav\u00e9s del formulario en la p\u00e1gina web y que cumpla con las siguientes condiciones:<\/span><\/p><ul><li style=\"font-weight: 400;\" aria-level=\"1\"><span>No haber sido registrado previamente en Runa.<\/span><\/li><li style=\"font-weight: 400;\" aria-level=\"1\"><span>No tener un registro activo, es decir que tenga un proceso activo dentro de Runa.<\/span><\/li><li style=\"font-weight: 400;\" aria-level=\"1\"><span>No ser una empresa subsidiaria y\/o empresa filial de un cliente actual de Runa.<\/span><\/li><li style=\"font-weight: 400;\" aria-level=\"1\"><span>Haber firmado un contrato con Runa a m\u00e1s tardar noventa (90) d\u00edas a partir de la fecha en la que se le refiri\u00f3.<\/span><\/li><li style=\"font-weight: 400;\" aria-level=\"1\"><span>Haber pagado dos meses de uso de la plataforma.<\/span><\/li><\/ul><p><span>Si se refiere a un cliente a Runa y se trata de una cuenta con varias razones sociales o de un grupo empresarial con varias entidades, se pagar\u00e1 al referente seg\u00fan el n\u00famero acumulado de empleados del grupo, en todas las entidades, al inicio del servicio con Runa. No se pagar\u00e1 por cada raz\u00f3n social o empresa del grupo.<\/span><\/p>\t\t\t\t\t\t\t\t<\/div>\n\t\t\t\t<div class=\"elementor-element elementor-element-87ea07e elementor-widget elementor-widget-heading\" data-id=\"87ea07e\" data-element_type=\"widget\" data-e-type=\"widget\" data-widget_type=\"heading.default\">\n\t\t\t\t\t<h2 class=\"elementor-heading-title elementor-size-default\">3. Proceso<\/h2>\t\t\t\t<\/div>\n\t\t\t\t<div class=\"elementor-element elementor-element-b09be8f elementor-widget elementor-widget-text-editor\" data-id=\"b09be8f\" data-element_type=\"widget\" data-e-type=\"widget\" data-widget_type=\"text-editor.default\">\n\t\t\t\t\t\t\t\t\t<p><b>3.1. Env\u00edo de referidos\u00a0<\/b><\/p><p><span>Se puede referir a una empresa por medio de este formato, ingresando toda la informaci\u00f3n requerida y utilizando su correo para el env\u00edo del mismo.<\/span><\/p><p><span>Debe llenar un formato por cada empresa que desee referir. El formato deber\u00e1 incluir la siguiente informaci\u00f3n:<\/span><\/p><ul><li style=\"font-weight: 400;\" aria-level=\"1\"><span>Nombre completo de la empresa referida;<\/span><\/li><li style=\"font-weight: 400;\" aria-level=\"1\"><span>Nombre y apellido del contacto principal de la empresa referida;<\/span><\/li><li style=\"font-weight: 400;\" aria-level=\"1\"><span>Correo electr\u00f3nico v\u00e1lido del contacto principal de la empresa referida;<\/span><\/li><li style=\"font-weight: 400;\" aria-level=\"1\"><span>N\u00famero de tel\u00e9fono v\u00e1lido del contacto de la empresa referida;<\/span><\/li><li style=\"font-weight: 400;\" aria-level=\"1\"><span>Puesto del contacto principal de la empresa referida; y<\/span><\/li><li style=\"font-weight: 400;\" aria-level=\"1\"><span>Cualquier otra informaci\u00f3n que pueda ser requerida.<\/span><\/li><\/ul><p><span>En caso de que el formato enviado se encuentre incompleto o la empresa referida no cumpla con todos los procedimientos descritos en estos t\u00e9rminos y condiciones, no se considerar\u00e1n v\u00e1lidos los env\u00edos de estos referidos y no ser\u00e1n elegibles para recibir los beneficios de la campa\u00f1a.<\/span><\/p><p><span>Todos los env\u00edos de referidos se aceptar\u00e1n condicionalmente y no se confirmar\u00e1n por completo hasta que sean aprobados por un miembro del equipo de Runa.<\/span><\/p><p><span>Al participar en la campa\u00f1a de referidos, declara y garantiza que ha obtenido el consentimiento de su contacto para enviar su informaci\u00f3n. Runa, por haber recibido la informaci\u00f3n del referido, cree de buena fe que este est\u00e1 interesado en convertirse en su cliente.<\/span><\/p><p><span>Runa, bajo su criterio, se reserva el derecho de decidir si contacta o no a cualquier cliente potencial presentado por un usuario.<\/span><\/p><p><span>Runa procesar\u00e1 toda la informaci\u00f3n que se proporcione a trav\u00e9s de la campa\u00f1a de referidos de acuerdo con la <\/span><a href=\"https:\/\/runahr.com\/ar\/aviso-de-privacidad\/\"><span>Pol\u00edtica de Privacidad<\/span><\/a><span> y, en la medida en que lo exija la ley aplicable en Argentina, se informar\u00e1 al cliente potencial de dicha pol\u00edtica de privacidad.<\/span><\/p><p><b>3.2. Nuestro contacto con el referido<\/b><\/p><p><span>El referido tendr\u00e1 la oportunidad de informar que (i) no est\u00e1 buscando los servicios de Runa o (ii) no le ha dado la autorizaci\u00f3n al usuario de referirlo. Si el referido informa que no le ha dado autorizaci\u00f3n al usuario promotor de compartir su informaci\u00f3n, el usuario promotor no ser\u00e1 elegible para recibir la compensaci\u00f3n de la campa\u00f1a de referidos, incluso si dicho referido se convierte en cliente de Runa.<\/span><\/p>\t\t\t\t\t\t\t\t<\/div>\n\t\t\t\t<div class=\"elementor-element elementor-element-79b10d1 elementor-widget elementor-widget-heading\" data-id=\"79b10d1\" data-element_type=\"widget\" data-e-type=\"widget\" data-widget_type=\"heading.default\">\n\t\t\t\t\t<h2 class=\"elementor-heading-title elementor-size-default\">4. Beneficios<\/h2>\t\t\t\t<\/div>\n\t\t\t\t<div class=\"elementor-element elementor-element-bda963d elementor-widget elementor-widget-text-editor\" data-id=\"bda963d\" data-element_type=\"widget\" data-e-type=\"widget\" data-widget_type=\"text-editor.default\">\n\t\t\t\t\t\t\t\t\t<p><span>Estos son los beneficios que aplican y que est\u00e1n sujetos a los t\u00e9rminos y condiciones de esta campa\u00f1a. No podr\u00e1n\u00a0 combinarse con otras ofertas, descuentos o promociones.<\/span><\/p><p><b>4.1. Beneficios para el usuario promotor<\/b><\/p><p><span>Cuando un referido elegible se convierta en cliente de Runa y cumpla con los requisitos descritos en el punto 2, el usuario promotor tendr\u00e1 derecho a recibir uno de los beneficios establecidos en la siguiente tabla. El beneficio que aplica se basa en la cantidad de empleados de la empresa referida a la fecha de firma de contrato:<\/span><\/p><table><tbody><tr><td><p><b>Cantidad de empleados de la<\/b><br \/><b>empresa referida a la fecha de firma de contrato<\/b><\/p><\/td><td><p><b>Beneficio para el usuario promotor\u00a0<\/b><\/p><\/td><\/tr><tr><td><p><span>0-10 empleados\u00a0<\/span><\/p><\/td><td><p><span>$77.270 ARS en una tarjeta de regalo preferida por cliente*<\/span><\/p><\/td><\/tr><tr><td><p><span>11-30 empleados<\/span><\/p><\/td><td><p><span>$154.540 ARS en una tarjeta de regalo preferida por cliente*<\/span><\/p><\/td><\/tr><tr><td><p><span>31-50 empleados<\/span><\/p><\/td><td><p><span>$386.350 ARS en una tarjeta de regalo preferida por cliente*<\/span><\/p><\/td><\/tr><tr><td><p><span>51-100 empleados<\/span><\/p><\/td><td><p><span>$772.700 ARS en una tarjeta de regalo preferida por cliente*<\/span><\/p><\/td><\/tr><tr><td><p><span>101-200 empleados<\/span><\/p><\/td><td><p><span>$1.545.400 ARS en una tarjeta de regalo preferida por cliente*<\/span><\/p><\/td><\/tr><tr><td><p><span>201-400 empleados<\/span><\/p><\/td><td><p><span>$1.931.750 ARS en una tarjeta de regalo preferida por cliente*<\/span><\/p><\/td><\/tr><tr><td><p><span>400+ empleados<\/span><\/p><\/td><td><p><span>$2.318.100 ARS en una tarjeta de regalo preferida por cliente*<\/span><\/p><\/td><\/tr><\/tbody><\/table>\t\t\t\t\t\t\t\t<\/div>\n\t\t\t\t<div class=\"elementor-element elementor-element-08b19f9 elementor-widget elementor-widget-text-editor\" data-id=\"08b19f9\" data-element_type=\"widget\" data-e-type=\"widget\" data-widget_type=\"text-editor.default\">\n\t\t\t\t\t\t\t\t\t<p><span>*Para recibir su compensaci\u00f3n, el referente puede seleccionar una tarjeta de regalo de cualquier tienda incluida en <\/span><a href=\"https:\/\/runa.tdr.tienda\/\"><span>la tienda Runa.<\/span><\/a><\/p>\t\t\t\t\t\t\t\t<\/div>\n\t\t\t\t<div class=\"elementor-element elementor-element-9b17745 elementor-widget elementor-widget-text-editor\" data-id=\"9b17745\" data-element_type=\"widget\" data-e-type=\"widget\" data-widget_type=\"text-editor.default\">\n\t\t\t\t\t\t\t\t\t<p><span>La promoci\u00f3n se hace v\u00e1lida, y la tarjeta de regalo ser\u00e1 entregada, una vez que el referido haya pagado dos meses de uso. El equipo de Runa se pondr\u00e1 en contacto con el usuario promotor para coordinar el tipo y la entrega de su recompensa. Runa no se hace responsable por el uso que se le d\u00e9 a las tarjetas de regalo, ni por el funcionamiento de las mismas. El uso de dichas tarjetas es responsabilidad del usuario que las reciba.<\/span><\/p><p><b>4.2. Beneficios para el referido\u00a0<\/b><\/p><p><span>Runa determinar\u00e1 la elegibilidad para el beneficio, en virtud del presente, a su entera discreci\u00f3n. Sujeto a los t\u00e9rminos y condiciones de esta campa\u00f1a de referidos, cada referido elegible podr\u00e1 obtener el siguiente beneficio:<\/span><\/p><table style=\"width: 100%;\"><tbody><tr><td style=\"width: 50%;\"><p><b>Beneficio para el referido<\/b><\/p><\/td><\/tr><tr><td><p><span>0-10 empleados<\/span><\/p><\/td><td><p><span>$386.350 ARS credito Runa<\/span><\/p><\/td><\/tr><tr><td><p><span>11-30 empleados<\/span><\/p><\/td><td><p><span>$579.525 ARS credito Runa<\/span><\/p><\/td><\/tr><tr><td><p><span>31-50 empleados<\/span><\/p><\/td><td><p><span>$772.700 ARS credito Runa<\/span><\/p><\/td><\/tr><tr><td><p><span>51-100 empleados<\/span><\/p><\/td><td><p><span>$1.159.050 ARS credito Runa<\/span><\/p><\/td><\/tr><tr><td><p><span>101-200 empleados<\/span><\/p><\/td><td><p><span>$1.545.400 ARS credito Runa<\/span><\/p><\/td><\/tr><tr><td><p><span>201-400 empleados<\/span><\/p><\/td><td><p><span>$1.931.750 ARS credito Runa<\/span><\/p><\/td><\/tr><tr><td><p><span>400+ empleados<\/span><\/p><\/td><td><p><span>$2.318.100 ARS credito Runa<\/span><\/p><\/td><\/tr><\/tbody><\/table><p><span>Este cr\u00e9dito se hace v\u00e1lido despu\u00e9s de haber cumplido un per\u00edodo m\u00ednimo de 3 meses usando la plataforma y haber pagado 3 facturas, y se descontar\u00e1 de su cuarta factura (y de facturas subsecuentes en caso de tener una factura menor a $386.350 ARS).<\/span><\/p>\t\t\t\t\t\t\t\t<\/div>\n\t\t\t\t<div class=\"elementor-element elementor-element-23ba416 elementor-widget elementor-widget-heading\" data-id=\"23ba416\" data-element_type=\"widget\" data-e-type=\"widget\" data-widget_type=\"heading.default\">\n\t\t\t\t\t<h2 class=\"elementor-heading-title elementor-size-default\">5. Causas de Recesi\u00f3n<\/h2>\t\t\t\t<\/div>\n\t\t\t\t<div class=\"elementor-element elementor-element-b38bc81 elementor-widget elementor-widget-text-editor\" data-id=\"b38bc81\" data-element_type=\"widget\" data-e-type=\"widget\" data-widget_type=\"text-editor.default\">\n\t\t\t\t\t\t\t\t\t<p><span>Un usuario perder\u00e1 elegibilidad para participar en la campa\u00f1a de referidos, por los siguientes motivos, entre otros:<\/span><\/p><ul><li style=\"font-weight: 400;\" aria-level=\"1\"><span>Env\u00edo de referidos falsos;<\/span><\/li><li style=\"font-weight: 400;\" aria-level=\"1\"><span>Proporcionar informaci\u00f3n incorrecta;<\/span><\/li><li style=\"font-weight: 400;\" aria-level=\"1\"><span>Declarar falsamente tener el consentimiento del referido;<\/span><\/li><li style=\"font-weight: 400;\" aria-level=\"1\"><span>Referir una empresa que est\u00e1 especificada como un referido no elegible en los t\u00e9rminos y condiciones de la campa\u00f1a de referidos;<\/span><\/li><li style=\"font-weight: 400;\" aria-level=\"1\"><span>Participar o estar involucrado en actividades delictivas o fraudulentas; o<\/span><\/li><li style=\"font-weight: 400;\" aria-level=\"1\"><span>No cumplir o infringir los t\u00e9rminos y condiciones de la campa\u00f1a de referidos.<\/span><\/li><\/ul>\t\t\t\t\t\t\t\t<\/div>\n\t\t\t\t<div class=\"elementor-element elementor-element-ecdceaf elementor-widget elementor-widget-heading\" data-id=\"ecdceaf\" data-element_type=\"widget\" data-e-type=\"widget\" data-widget_type=\"heading.default\">\n\t\t\t\t\t<h2 class=\"elementor-heading-title elementor-size-default\">6. T\u00e9rminos de Servicio &amp; Pol\u00edtica de Privacidad <\/h2>\t\t\t\t<\/div>\n\t\t\t\t<div class=\"elementor-element elementor-element-cc45052 elementor-widget elementor-widget-text-editor\" data-id=\"cc45052\" data-element_type=\"widget\" data-e-type=\"widget\" data-widget_type=\"text-editor.default\">\n\t\t\t\t\t\t\t\t\t<p><span>Adicional a los t\u00e9rminos y condiciones mencionados anteriormente, aplican tambi\u00e9n los <\/span><a href=\"https:\/\/runahr.com\/ar\/terminos-de-servicio\/\"><span>T\u00e9rminos y Condiciones Generales de Servicio<\/span><\/a><span> y la <\/span><a href=\"https:\/\/runahr.com\/ar\/aviso-de-privacidad\/\"><span>Pol\u00edtica de Privacidad<\/span><\/a><span> de Runa vigentes para Argentina.<\/span><\/p><p><span>Para preguntas o mayor informaci\u00f3n, favor de enviar un correo electr\u00f3nico a info@runahr.com<\/span><\/p>\t\t\t\t\t\t\t\t<\/div>\n\t\t\t\t\t<\/div>\n\t\t\t\t<\/div>\n\t\t\t\t<\/div>\n\t\t","protected":false},"excerpt":{"rendered":"<p>ACTUALIZADA: 1 DE DICIEMBRE 2023 La campa\u00f1a de referidos es un sistema de recompensas que se ofrece por referir a empresas que se conviertan en nuevos clientes. La campa\u00f1a est\u00e1 sujeta a los t\u00e9rminos y condiciones que se proporcionan a continuaci\u00f3n. Al enviar a un referido o al participar de otra forma en la campa\u00f1a, [&hellip;]<\/p>\n","protected":false},"author":88,"featured_media":1104145,"parent":0,"menu_order":0,"comment_status":"closed","ping_status":"closed","template":"","meta":{"_acf_changed":false,"_wp_applaud_exclude":false,"footnotes":""},"tipo":[],"class_list":["post-1082953","page","type-page","status-publish","has-post-thumbnail","hentry"],"acf":[],"yoast_head":"<!-- This site is optimized with the Yoast SEO Premium plugin v26.1 (Yoast SEO v27.5) - https:\/\/yoast.com\/product\/yoast-seo-premium-wordpress\/ -->\n<title>T\u00e9rminos de Campa\u00f1a de Referidos | AR | Runa HR<\/title>\n<meta name=\"description\" content=\"Runa tiene t\u00e9rminos espec\u00edficos para su campa\u00f1a de referidos en Argentina. En esta p\u00e1gina, pod\u00e9s consultar dichas estipulaciones.\" \/>\n<meta name=\"robots\" content=\"index, follow, max-snippet:-1, max-image-preview:large, max-video-preview:-1\" \/>\n<link rel=\"canonical\" href=\"https:\/\/runahr.com\/ar\/terminos-campana-referidos\/\" \/>\n<meta property=\"og:locale\" content=\"es_ES\" \/>\n<meta property=\"og:type\" content=\"article\" \/>\n<meta property=\"og:title\" content=\"T\u00e9rminos de Campa\u00f1a de Referidos | AR | Runa HR\" \/>\n<meta property=\"og:description\" content=\"Runa tiene t\u00e9rminos espec\u00edficos para su campa\u00f1a de referidos en Argentina. En esta p\u00e1gina, pod\u00e9s consultar dichas estipulaciones.\" \/>\n<meta property=\"og:url\" content=\"https:\/\/runahr.com\/ar\/terminos-campana-referidos\/\" \/>\n<meta property=\"og:site_name\" content=\"Runa HR\" \/>\n<meta property=\"article:publisher\" content=\"https:\/\/www.facebook.com\/runahr\/\" \/>\n<meta property=\"article:modified_time\" content=\"2026-02-25T21:51:19+00:00\" \/>\n<meta property=\"og:image\" content=\"https:\/\/runahr.com\/wp-content\/uploads\/2022\/08\/laptop-runa-min-01.jpg\" \/>\n\t<meta property=\"og:image:width\" content=\"789\" \/>\n\t<meta property=\"og:image:height\" content=\"419\" \/>\n\t<meta property=\"og:image:type\" content=\"image\/jpeg\" \/>\n<meta name=\"twitter:card\" content=\"summary_large_image\" \/>\n<meta name=\"twitter:site\" content=\"@runahr\" \/>\n<meta name=\"twitter:label1\" content=\"Tiempo de lectura\" \/>\n\t<meta name=\"twitter:data1\" content=\"6 minutos\" \/>\n<!-- \/ Yoast SEO Premium plugin. -->","yoast_head_json":{"title":"T\u00e9rminos de Campa\u00f1a de Referidos | AR | Runa HR","description":"Runa tiene t\u00e9rminos espec\u00edficos para su campa\u00f1a de referidos en Argentina. En esta p\u00e1gina, pod\u00e9s consultar dichas estipulaciones.","robots":{"index":"index","follow":"follow","max-snippet":"max-snippet:-1","max-image-preview":"max-image-preview:large","max-video-preview":"max-video-preview:-1"},"canonical":"https:\/\/runahr.com\/ar\/terminos-campana-referidos\/","og_locale":"es_ES","og_type":"article","og_title":"T\u00e9rminos de Campa\u00f1a de Referidos | AR | Runa HR","og_description":"Runa tiene t\u00e9rminos espec\u00edficos para su campa\u00f1a de referidos en Argentina. En esta p\u00e1gina, pod\u00e9s consultar dichas estipulaciones.","og_url":"https:\/\/runahr.com\/ar\/terminos-campana-referidos\/","og_site_name":"Runa HR","article_publisher":"https:\/\/www.facebook.com\/runahr\/","article_modified_time":"2026-02-25T21:51:19+00:00","og_image":[{"width":789,"height":419,"url":"https:\/\/runahr.com\/wp-content\/uploads\/2022\/08\/laptop-runa-min-01.jpg","type":"image\/jpeg"}],"twitter_card":"summary_large_image","twitter_site":"@runahr","twitter_misc":{"Tiempo de lectura":"6 minutos"},"schema":{"@context":"https:\/\/schema.org","@graph":[{"@type":"WebPage","@id":"https:\/\/runahr.com\/ar\/terminos-campana-referidos\/","url":"https:\/\/runahr.com\/ar\/terminos-campana-referidos\/","name":"T\u00e9rminos de Campa\u00f1a de Referidos | AR | Runa HR","isPartOf":{"@id":"https:\/\/runahr.com\/ar\/#website"},"primaryImageOfPage":{"@id":"https:\/\/runahr.com\/ar\/terminos-campana-referidos\/#primaryimage"},"image":{"@id":"https:\/\/runahr.com\/ar\/terminos-campana-referidos\/#primaryimage"},"thumbnailUrl":"https:\/\/runahr.com\/wp-content\/uploads\/2022\/08\/laptop-runa-min-01.jpg","datePublished":"2025-11-20T21:02:59+00:00","dateModified":"2026-02-25T21:51:19+00:00","description":"Runa tiene t\u00e9rminos espec\u00edficos para su campa\u00f1a de referidos en Argentina. En esta p\u00e1gina, pod\u00e9s consultar dichas estipulaciones.","breadcrumb":{"@id":"https:\/\/runahr.com\/ar\/terminos-campana-referidos\/#breadcrumb"},"inLanguage":"es-AR","potentialAction":[{"@type":"ReadAction","target":["https:\/\/runahr.com\/ar\/terminos-campana-referidos\/"]}]},{"@type":"ImageObject","inLanguage":"es-AR","@id":"https:\/\/runahr.com\/ar\/terminos-campana-referidos\/#primaryimage","url":"https:\/\/runahr.com\/wp-content\/uploads\/2022\/08\/laptop-runa-min-01.jpg","contentUrl":"https:\/\/runahr.com\/wp-content\/uploads\/2022\/08\/laptop-runa-min-01.jpg","width":789,"height":419},{"@type":"BreadcrumbList","@id":"https:\/\/runahr.com\/ar\/terminos-campana-referidos\/#breadcrumb","itemListElement":[{"@type":"ListItem","position":1,"name":"Home","item":"https:\/\/runahr.com\/ar\/"},{"@type":"ListItem","position":2,"name":"T\u00e9rminos de Campa\u00f1a de Referidos"}]},{"@type":"WebSite","@id":"https:\/\/runahr.com\/ar\/#website","url":"https:\/\/runahr.com\/ar\/","name":"Runa HR","description":"Software de N\u00f3mina y Gesti\u00f3n de RRHH","publisher":{"@id":"https:\/\/runahr.com\/ar\/#organization"},"potentialAction":[{"@type":"SearchAction","target":{"@type":"EntryPoint","urlTemplate":"https:\/\/runahr.com\/ar\/?s={search_term_string}"},"query-input":{"@type":"PropertyValueSpecification","valueRequired":true,"valueName":"search_term_string"}}],"inLanguage":"es-AR"},{"@type":"Organization","@id":"https:\/\/runahr.com\/ar\/#organization","name":"Runa HR","url":"https:\/\/runahr.com\/ar\/","logo":{"@type":"ImageObject","inLanguage":"es-AR","@id":"https:\/\/runahr.com\/ar\/#\/schema\/logo\/image\/","url":"https:\/\/runahr.com\/wp-content\/uploads\/2018\/05\/xDzHFcQY_400x400.jpg","contentUrl":"https:\/\/runahr.com\/wp-content\/uploads\/2018\/05\/xDzHFcQY_400x400.jpg","width":400,"height":400,"caption":"Runa HR"},"image":{"@id":"https:\/\/runahr.com\/ar\/#\/schema\/logo\/image\/"},"sameAs":["https:\/\/www.facebook.com\/runahr\/","https:\/\/x.com\/runahr","https:\/\/www.instagram.com\/runahr\/","https:\/\/mx.linkedin.com\/company\/runahr","https:\/\/www.youtube.com\/channel\/UCAZ21FupFMLIb1c7PPaU6Ew"]}]}},"_links":{"self":[{"href":"https:\/\/runahr.com\/ar\/wp-json\/wp\/v2\/pages\/1082953","targetHints":{"allow":["GET"]}}],"collection":[{"href":"https:\/\/runahr.com\/ar\/wp-json\/wp\/v2\/pages"}],"about":[{"href":"https:\/\/runahr.com\/ar\/wp-json\/wp\/v2\/types\/page"}],"author":[{"embeddable":true,"href":"https:\/\/runahr.com\/ar\/wp-json\/wp\/v2\/users\/88"}],"replies":[{"embeddable":true,"href":"https:\/\/runahr.com\/ar\/wp-json\/wp\/v2\/comments?post=1082953"}],"version-history":[{"count":0,"href":"https:\/\/runahr.com\/ar\/wp-json\/wp\/v2\/pages\/1082953\/revisions"}],"wp:featuredmedia":[{"embeddable":true,"href":"https:\/\/runahr.com\/ar\/wp-json\/wp\/v2\/media\/1104145"}],"wp:attachment":[{"href":"https:\/\/runahr.com\/ar\/wp-json\/wp\/v2\/media?parent=1082953"}],"wp:term":[{"taxonomy":"tipo","embeddable":true,"href":"https:\/\/runahr.com\/ar\/wp-json\/wp\/v2\/tipo?post=1082953"}],"curies":[{"name":"wp","href":"https:\/\/api.w.org\/{rel}","templated":true}]}}