{"id":1090693,"date":"2026-01-07T09:08:54","date_gmt":"2026-01-07T15:08:54","guid":{"rendered":"https:\/\/runahr.com\/acceso-de-empleados\/"},"modified":"2026-02-25T14:24:11","modified_gmt":"2026-02-25T20:24:11","slug":"acceso-de-empleados","status":"publish","type":"page","link":"https:\/\/runahr.com\/ar\/acceso-de-empleados\/","title":{"rendered":"Acceso de empleados"},"content":{"rendered":"","protected":false},"excerpt":{"rendered":"","protected":false},"author":94,"featured_media":1104145,"parent":0,"menu_order":0,"comment_status":"closed","ping_status":"closed","template":"","meta":{"_acf_changed":false,"_wp_applaud_exclude":false,"footnotes":""},"tipo":[],"class_list":["post-1090693","page","type-page","status-publish","has-post-thumbnail","hentry"],"acf":[],"yoast_head":"<!-- This site is optimized with the Yoast SEO Premium plugin v26.1 (Yoast SEO v27.4) - https:\/\/yoast.com\/product\/yoast-seo-premium-wordpress\/ -->\n<title>Acceso de empleados | AR | Runa HR<\/title>\n<meta name=\"description\" content=\"Brind\u00e1 acceso a tus empleados en Argentina a una sola plataforma. Facilit\u00e1 la colaboraci\u00f3n y permit\u00ed que gestionen su trabajo de forma m\u00e1s eficiente.\" \/>\n<meta name=\"robots\" content=\"index, follow, max-snippet:-1, max-image-preview:large, max-video-preview:-1\" \/>\n<link rel=\"canonical\" href=\"https:\/\/runahr.com\/ar\/acceso-de-empleados\/\" \/>\n<meta property=\"og:locale\" content=\"es_ES\" \/>\n<meta property=\"og:type\" content=\"article\" \/>\n<meta property=\"og:title\" content=\"Acceso de empleados | AR | Runa HR\" \/>\n<meta property=\"og:description\" content=\"Brind\u00e1 acceso a tus empleados en Argentina a una sola plataforma. Facilit\u00e1 la colaboraci\u00f3n y permit\u00ed que gestionen su trabajo de forma m\u00e1s eficiente.\" \/>\n<meta property=\"og:url\" content=\"https:\/\/runahr.com\/ar\/acceso-de-empleados\/\" \/>\n<meta property=\"og:site_name\" content=\"Runa HR\" \/>\n<meta property=\"article:publisher\" content=\"https:\/\/www.facebook.com\/runahr\/\" \/>\n<meta property=\"article:modified_time\" content=\"2026-02-25T20:24:11+00:00\" \/>\n<meta property=\"og:image\" content=\"https:\/\/runahr.com\/wp-content\/uploads\/2022\/08\/laptop-runa-min-01.jpg\" \/>\n\t<meta property=\"og:image:width\" content=\"789\" \/>\n\t<meta property=\"og:image:height\" content=\"419\" \/>\n\t<meta property=\"og:image:type\" content=\"image\/jpeg\" \/>\n<meta name=\"twitter:card\" content=\"summary_large_image\" \/>\n<meta name=\"twitter:site\" content=\"@runahr\" \/>\n<meta name=\"twitter:label1\" content=\"Tiempo de lectura\" \/>\n\t<meta name=\"twitter:data1\" content=\"1 minuto\" \/>\n<!-- \/ Yoast SEO Premium plugin. -->","yoast_head_json":{"title":"Acceso de empleados | AR | Runa HR","description":"Brind\u00e1 acceso a tus empleados en Argentina a una sola plataforma. Facilit\u00e1 la colaboraci\u00f3n y permit\u00ed que gestionen su trabajo de forma m\u00e1s eficiente.","robots":{"index":"index","follow":"follow","max-snippet":"max-snippet:-1","max-image-preview":"max-image-preview:large","max-video-preview":"max-video-preview:-1"},"canonical":"https:\/\/runahr.com\/ar\/acceso-de-empleados\/","og_locale":"es_ES","og_type":"article","og_title":"Acceso de empleados | AR | Runa HR","og_description":"Brind\u00e1 acceso a tus empleados en Argentina a una sola plataforma. Facilit\u00e1 la colaboraci\u00f3n y permit\u00ed que gestionen su trabajo de forma m\u00e1s eficiente.","og_url":"https:\/\/runahr.com\/ar\/acceso-de-empleados\/","og_site_name":"Runa HR","article_publisher":"https:\/\/www.facebook.com\/runahr\/","article_modified_time":"2026-02-25T20:24:11+00:00","og_image":[{"width":789,"height":419,"url":"https:\/\/runahr.com\/wp-content\/uploads\/2022\/08\/laptop-runa-min-01.jpg","type":"image\/jpeg"}],"twitter_card":"summary_large_image","twitter_site":"@runahr","twitter_misc":{"Tiempo de lectura":"1 minuto"},"schema":{"@context":"https:\/\/schema.org","@graph":[{"@type":"WebPage","@id":"https:\/\/runahr.com\/ar\/acceso-de-empleados\/","url":"https:\/\/runahr.com\/ar\/acceso-de-empleados\/","name":"Acceso de empleados | AR | Runa HR","isPartOf":{"@id":"https:\/\/runahr.com\/ar\/#website"},"primaryImageOfPage":{"@id":"https:\/\/runahr.com\/ar\/acceso-de-empleados\/#primaryimage"},"image":{"@id":"https:\/\/runahr.com\/ar\/acceso-de-empleados\/#primaryimage"},"thumbnailUrl":"https:\/\/runahr.com\/wp-content\/uploads\/2022\/08\/laptop-runa-min-01.jpg","datePublished":"2026-01-07T15:08:54+00:00","dateModified":"2026-02-25T20:24:11+00:00","description":"Brind\u00e1 acceso a tus empleados en Argentina a una sola plataforma. Facilit\u00e1 la colaboraci\u00f3n y permit\u00ed que gestionen su trabajo de forma m\u00e1s eficiente.","breadcrumb":{"@id":"https:\/\/runahr.com\/ar\/acceso-de-empleados\/#breadcrumb"},"inLanguage":"es-AR","potentialAction":[{"@type":"ReadAction","target":["https:\/\/runahr.com\/ar\/acceso-de-empleados\/"]}]},{"@type":"ImageObject","inLanguage":"es-AR","@id":"https:\/\/runahr.com\/ar\/acceso-de-empleados\/#primaryimage","url":"https:\/\/runahr.com\/wp-content\/uploads\/2022\/08\/laptop-runa-min-01.jpg","contentUrl":"https:\/\/runahr.com\/wp-content\/uploads\/2022\/08\/laptop-runa-min-01.jpg","width":789,"height":419},{"@type":"BreadcrumbList","@id":"https:\/\/runahr.com\/ar\/acceso-de-empleados\/#breadcrumb","itemListElement":[{"@type":"ListItem","position":1,"name":"Home","item":"https:\/\/runahr.com\/ar\/"},{"@type":"ListItem","position":2,"name":"Acceso de empleados"}]},{"@type":"WebSite","@id":"https:\/\/runahr.com\/ar\/#website","url":"https:\/\/runahr.com\/ar\/","name":"Runa HR","description":"Software de N\u00f3mina y Gesti\u00f3n de RRHH","publisher":{"@id":"https:\/\/runahr.com\/ar\/#organization"},"potentialAction":[{"@type":"SearchAction","target":{"@type":"EntryPoint","urlTemplate":"https:\/\/runahr.com\/ar\/?s={search_term_string}"},"query-input":{"@type":"PropertyValueSpecification","valueRequired":true,"valueName":"search_term_string"}}],"inLanguage":"es-AR"},{"@type":"Organization","@id":"https:\/\/runahr.com\/ar\/#organization","name":"Runa HR","url":"https:\/\/runahr.com\/ar\/","logo":{"@type":"ImageObject","inLanguage":"es-AR","@id":"https:\/\/runahr.com\/ar\/#\/schema\/logo\/image\/","url":"https:\/\/runahr.com\/wp-content\/uploads\/2018\/05\/xDzHFcQY_400x400.jpg","contentUrl":"https:\/\/runahr.com\/wp-content\/uploads\/2018\/05\/xDzHFcQY_400x400.jpg","width":400,"height":400,"caption":"Runa HR"},"image":{"@id":"https:\/\/runahr.com\/ar\/#\/schema\/logo\/image\/"},"sameAs":["https:\/\/www.facebook.com\/runahr\/","https:\/\/x.com\/runahr","https:\/\/www.instagram.com\/runahr\/","https:\/\/mx.linkedin.com\/company\/runahr","https:\/\/www.youtube.com\/channel\/UCAZ21FupFMLIb1c7PPaU6Ew"]}]}},"_links":{"self":[{"href":"https:\/\/runahr.com\/ar\/wp-json\/wp\/v2\/pages\/1090693","targetHints":{"allow":["GET"]}}],"collection":[{"href":"https:\/\/runahr.com\/ar\/wp-json\/wp\/v2\/pages"}],"about":[{"href":"https:\/\/runahr.com\/ar\/wp-json\/wp\/v2\/types\/page"}],"author":[{"embeddable":true,"href":"https:\/\/runahr.com\/ar\/wp-json\/wp\/v2\/users\/94"}],"replies":[{"embeddable":true,"href":"https:\/\/runahr.com\/ar\/wp-json\/wp\/v2\/comments?post=1090693"}],"version-history":[{"count":0,"href":"https:\/\/runahr.com\/ar\/wp-json\/wp\/v2\/pages\/1090693\/revisions"}],"wp:featuredmedia":[{"embeddable":true,"href":"https:\/\/runahr.com\/ar\/wp-json\/wp\/v2\/media\/1104145"}],"wp:attachment":[{"href":"https:\/\/runahr.com\/ar\/wp-json\/wp\/v2\/media?parent=1090693"}],"wp:term":[{"taxonomy":"tipo","embeddable":true,"href":"https:\/\/runahr.com\/ar\/wp-json\/wp\/v2\/tipo?post=1090693"}],"curies":[{"name":"wp","href":"https:\/\/api.w.org\/{rel}","templated":true}]}}