{"id":1082120,"date":"2025-11-12T13:24:44","date_gmt":"2025-11-12T19:24:44","guid":{"rendered":"https:\/\/runahr.com\/?page_id=1082120"},"modified":"2025-12-11T12:28:58","modified_gmt":"2025-12-11T18:28:58","slug":"remuneracion","status":"publish","type":"page","link":"https:\/\/runahr.com\/cl\/remuneracion\/","title":{"rendered":"Remuneraci\u00f3n"},"content":{"rendered":"","protected":false},"excerpt":{"rendered":"","protected":false},"author":73,"featured_media":898029,"parent":0,"menu_order":0,"comment_status":"closed","ping_status":"closed","template":"","meta":{"_acf_changed":false,"_wp_applaud_exclude":false,"footnotes":""},"tipo":[],"class_list":["post-1082120","page","type-page","status-publish","has-post-thumbnail","hentry"],"acf":[],"yoast_head":"<!-- This site is optimized with the Yoast SEO Premium plugin v26.1 (Yoast SEO v27.4) - https:\/\/yoast.com\/product\/yoast-seo-premium-wordpress\/ -->\n<title>Remuneraci\u00f3n | CL | Runa HR<\/title>\n<meta name=\"description\" content=\"El software de remuneraci\u00f3n m\u00e1s simple, r\u00e1pido y moderno en Chile. La mejor opci\u00f3n para calcular y dispersar la remuneraci\u00f3n en un mismo lugar.\" \/>\n<meta name=\"robots\" content=\"index, follow, max-snippet:-1, max-image-preview:large, max-video-preview:-1\" \/>\n<link rel=\"canonical\" href=\"https:\/\/runahr.com\/cl\/remuneracion\/\" \/>\n<meta property=\"og:locale\" content=\"es_ES\" \/>\n<meta property=\"og:type\" content=\"article\" \/>\n<meta property=\"og:title\" content=\"Remuneraci\u00f3n | CL | Runa HR\" \/>\n<meta property=\"og:description\" content=\"El software de remuneraci\u00f3n m\u00e1s simple, r\u00e1pido y moderno en Chile. La mejor opci\u00f3n para calcular y dispersar la remuneraci\u00f3n en un mismo lugar.\" \/>\n<meta property=\"og:url\" content=\"https:\/\/runahr.com\/cl\/remuneracion\/\" \/>\n<meta property=\"og:site_name\" content=\"Runa HR\" \/>\n<meta property=\"article:publisher\" content=\"https:\/\/www.facebook.com\/runahr\/\" \/>\n<meta property=\"article:modified_time\" content=\"2025-12-11T18:28:58+00:00\" \/>\n<meta property=\"og:image\" content=\"https:\/\/runahr.com\/wp-content\/uploads\/2024\/02\/Screen-Shot-2024-02-23-at-15.26.33.png\" \/>\n\t<meta property=\"og:image:width\" content=\"1332\" \/>\n\t<meta property=\"og:image:height\" content=\"744\" \/>\n\t<meta property=\"og:image:type\" content=\"image\/png\" \/>\n<meta name=\"twitter:card\" content=\"summary_large_image\" \/>\n<meta name=\"twitter:site\" content=\"@runahr\" \/>\n<meta name=\"twitter:label1\" content=\"Tiempo estimado de lectura\" \/>\n\t<meta name=\"twitter:data1\" content=\"1 minuto\" \/>\n<!-- \/ Yoast SEO Premium plugin. -->","yoast_head_json":{"title":"Remuneraci\u00f3n | CL | Runa HR","description":"El software de remuneraci\u00f3n m\u00e1s simple, r\u00e1pido y moderno en Chile. La mejor opci\u00f3n para calcular y dispersar la remuneraci\u00f3n en un mismo lugar.","robots":{"index":"index","follow":"follow","max-snippet":"max-snippet:-1","max-image-preview":"max-image-preview:large","max-video-preview":"max-video-preview:-1"},"canonical":"https:\/\/runahr.com\/cl\/remuneracion\/","og_locale":"es_ES","og_type":"article","og_title":"Remuneraci\u00f3n | CL | Runa HR","og_description":"El software de remuneraci\u00f3n m\u00e1s simple, r\u00e1pido y moderno en Chile. La mejor opci\u00f3n para calcular y dispersar la remuneraci\u00f3n en un mismo lugar.","og_url":"https:\/\/runahr.com\/cl\/remuneracion\/","og_site_name":"Runa HR","article_publisher":"https:\/\/www.facebook.com\/runahr\/","article_modified_time":"2025-12-11T18:28:58+00:00","og_image":[{"width":1332,"height":744,"url":"https:\/\/runahr.com\/wp-content\/uploads\/2024\/02\/Screen-Shot-2024-02-23-at-15.26.33.png","type":"image\/png"}],"twitter_card":"summary_large_image","twitter_site":"@runahr","twitter_misc":{"Tiempo estimado de lectura":"1 minuto"},"schema":{"@context":"https:\/\/schema.org","@graph":[{"@type":"WebPage","@id":"https:\/\/runahr.com\/cl\/remuneracion\/","url":"https:\/\/runahr.com\/cl\/remuneracion\/","name":"Remuneraci\u00f3n | CL | Runa HR","isPartOf":{"@id":"https:\/\/runahr.com\/cl\/#website"},"primaryImageOfPage":{"@id":"https:\/\/runahr.com\/cl\/remuneracion\/#primaryimage"},"image":{"@id":"https:\/\/runahr.com\/cl\/remuneracion\/#primaryimage"},"thumbnailUrl":"https:\/\/runahr.com\/wp-content\/uploads\/2024\/02\/Screen-Shot-2024-02-23-at-15.26.33.png","datePublished":"2025-11-12T19:24:44+00:00","dateModified":"2025-12-11T18:28:58+00:00","description":"El software de remuneraci\u00f3n m\u00e1s simple, r\u00e1pido y moderno en Chile. La mejor opci\u00f3n para calcular y dispersar la remuneraci\u00f3n en un mismo lugar.","breadcrumb":{"@id":"https:\/\/runahr.com\/cl\/remuneracion\/#breadcrumb"},"inLanguage":"es-CL","potentialAction":[{"@type":"ReadAction","target":["https:\/\/runahr.com\/cl\/remuneracion\/"]}]},{"@type":"ImageObject","inLanguage":"es-CL","@id":"https:\/\/runahr.com\/cl\/remuneracion\/#primaryimage","url":"https:\/\/runahr.com\/wp-content\/uploads\/2024\/02\/Screen-Shot-2024-02-23-at-15.26.33.png","contentUrl":"https:\/\/runahr.com\/wp-content\/uploads\/2024\/02\/Screen-Shot-2024-02-23-at-15.26.33.png","width":1332,"height":744},{"@type":"BreadcrumbList","@id":"https:\/\/runahr.com\/cl\/remuneracion\/#breadcrumb","itemListElement":[{"@type":"ListItem","position":1,"name":"Home","item":"https:\/\/runahr.com\/cl\/"},{"@type":"ListItem","position":2,"name":"Remuneraci\u00f3n"}]},{"@type":"WebSite","@id":"https:\/\/runahr.com\/cl\/#website","url":"https:\/\/runahr.com\/cl\/","name":"Runa HR","description":"Software de N\u00f3mina y Gesti\u00f3n de RRHH","publisher":{"@id":"https:\/\/runahr.com\/cl\/#organization"},"potentialAction":[{"@type":"SearchAction","target":{"@type":"EntryPoint","urlTemplate":"https:\/\/runahr.com\/cl\/?s={search_term_string}"},"query-input":{"@type":"PropertyValueSpecification","valueRequired":true,"valueName":"search_term_string"}}],"inLanguage":"es-CL"},{"@type":"Organization","@id":"https:\/\/runahr.com\/cl\/#organization","name":"Runa HR","url":"https:\/\/runahr.com\/cl\/","logo":{"@type":"ImageObject","inLanguage":"es-CL","@id":"https:\/\/runahr.com\/cl\/#\/schema\/logo\/image\/","url":"https:\/\/runahr.com\/wp-content\/uploads\/2018\/05\/xDzHFcQY_400x400.jpg","contentUrl":"https:\/\/runahr.com\/wp-content\/uploads\/2018\/05\/xDzHFcQY_400x400.jpg","width":400,"height":400,"caption":"Runa HR"},"image":{"@id":"https:\/\/runahr.com\/cl\/#\/schema\/logo\/image\/"},"sameAs":["https:\/\/www.facebook.com\/runahr\/","https:\/\/x.com\/runahr","https:\/\/www.instagram.com\/runahr\/","https:\/\/mx.linkedin.com\/company\/runahr","https:\/\/www.youtube.com\/channel\/UCAZ21FupFMLIb1c7PPaU6Ew"]}]}},"_links":{"self":[{"href":"https:\/\/runahr.com\/cl\/wp-json\/wp\/v2\/pages\/1082120","targetHints":{"allow":["GET"]}}],"collection":[{"href":"https:\/\/runahr.com\/cl\/wp-json\/wp\/v2\/pages"}],"about":[{"href":"https:\/\/runahr.com\/cl\/wp-json\/wp\/v2\/types\/page"}],"author":[{"embeddable":true,"href":"https:\/\/runahr.com\/cl\/wp-json\/wp\/v2\/users\/73"}],"replies":[{"embeddable":true,"href":"https:\/\/runahr.com\/cl\/wp-json\/wp\/v2\/comments?post=1082120"}],"version-history":[{"count":0,"href":"https:\/\/runahr.com\/cl\/wp-json\/wp\/v2\/pages\/1082120\/revisions"}],"wp:featuredmedia":[{"embeddable":true,"href":"https:\/\/runahr.com\/cl\/wp-json\/wp\/v2\/media\/898029"}],"wp:attachment":[{"href":"https:\/\/runahr.com\/cl\/wp-json\/wp\/v2\/media?parent=1082120"}],"wp:term":[{"taxonomy":"tipo","embeddable":true,"href":"https:\/\/runahr.com\/cl\/wp-json\/wp\/v2\/tipo?post=1082120"}],"curies":[{"name":"wp","href":"https:\/\/api.w.org\/{rel}","templated":true}]}}