{"id":1079456,"date":"2025-09-10T11:40:39","date_gmt":"2025-09-10T17:40:39","guid":{"rendered":"https:\/\/runahr.com\/aviso-de-privacidad\/"},"modified":"2025-10-31T15:29:52","modified_gmt":"2025-10-31T21:29:52","slug":"aviso-de-privacidad","status":"publish","type":"page","link":"https:\/\/runahr.com\/co\/aviso-de-privacidad\/","title":{"rendered":"Aviso de Privacidad"},"content":{"rendered":"\t\t<div data-elementor-type=\"wp-page\" data-elementor-id=\"1079456\" class=\"elementor elementor-1079456 elementor-227236\" data-elementor-post-type=\"page\">\n\t\t\t\t<div class=\"elementor-element elementor-element-75988af e-flex e-con-boxed e-con e-child\" data-id=\"75988af\" data-element_type=\"container\" data-e-type=\"container\">\n\t\t\t\t\t<div class=\"e-con-inner\">\n\t\t\t\t<div class=\"elementor-element elementor-element-7165fbd elementor-widget elementor-widget-heading\" data-id=\"7165fbd\" data-element_type=\"widget\" data-e-type=\"widget\" data-widget_type=\"heading.default\">\n\t\t\t\t\t<h1 class=\"elementor-heading-title elementor-size-default\">Aviso de Privacidad<\/h1>\t\t\t\t<\/div>\n\t\t\t\t<div class=\"elementor-element elementor-element-b621236 elementor-widget-divider--view-line elementor-widget elementor-widget-divider\" data-id=\"b621236\" data-element_type=\"widget\" data-e-type=\"widget\" data-widget_type=\"divider.default\">\n\t\t\t\t\t\t\t<div class=\"elementor-divider\">\n\t\t\t<span class=\"elementor-divider-separator\">\n\t\t\t\t\t\t<\/span>\n\t\t<\/div>\n\t\t\t\t\t\t<\/div>\n\t\t\t\t<div class=\"elementor-element elementor-element-98f89eb elementor-widget elementor-widget-text-editor\" data-id=\"98f89eb\" data-element_type=\"widget\" data-e-type=\"widget\" data-widget_type=\"text-editor.default\">\n\t\t\t\t\t\t\t\t\t<p>\u00daLTIMA ACTUALIZACI\u00d3N: 01 DE SEPTIEMBRE 2023<\/p>\t\t\t\t\t\t\t\t<\/div>\n\t\t<div class=\"elementor-element elementor-element-69aa351 e-con-full e-flex e-con e-child\" data-id=\"69aa351\" data-element_type=\"container\" data-e-type=\"container\">\n\t\t<div class=\"elementor-element elementor-element-0dcd8d2 e-con-full e-flex e-con e-child\" data-id=\"0dcd8d2\" data-element_type=\"container\" data-e-type=\"container\">\n\t\t\t\t<div class=\"elementor-element elementor-element-1211998 elementor-widget-mobile__width-inherit elementor-mobile-align-justify elementor-align-center elementor-widget elementor-widget-button\" data-id=\"1211998\" data-element_type=\"widget\" data-e-type=\"widget\" data-widget_type=\"button.default\">\n\t\t\t\t\t\t\t\t\t\t<a class=\"elementor-button elementor-button-link elementor-size-sm\" href=\"\/mx\/aviso-de-privacidad\/\">\n\t\t\t\t\t\t<span class=\"elementor-button-content-wrapper\">\n\t\t\t\t\t\t\t\t\t<span class=\"elementor-button-text\">Espa\u00f1ol<\/span>\n\t\t\t\t\t<\/span>\n\t\t\t\t\t<\/a>\n\t\t\t\t\t\t\t\t<\/div>\n\t\t\t\t<div class=\"elementor-element elementor-element-e694d3f elementor-widget-mobile__width-inherit elementor-mobile-align-justify elementor-align-center elementor-widget elementor-widget-button\" data-id=\"e694d3f\" data-element_type=\"widget\" data-e-type=\"widget\" data-widget_type=\"button.default\">\n\t\t\t\t\t\t\t\t\t\t<a class=\"elementor-button elementor-button-link elementor-size-sm\" href=\"\/mx\/aviso-de-privacidad-english\">\n\t\t\t\t\t\t<span class=\"elementor-button-content-wrapper\">\n\t\t\t\t\t\t\t\t\t<span class=\"elementor-button-text\">Ingles<\/span>\n\t\t\t\t\t<\/span>\n\t\t\t\t\t<\/a>\n\t\t\t\t\t\t\t\t<\/div>\n\t\t\t\t<\/div>\n\t\t\t\t<\/div>\n\t\t\t\t<div class=\"elementor-element elementor-element-6a6f597 elementor-widget elementor-widget-text-editor\" data-id=\"6a6f597\" data-element_type=\"widget\" data-e-type=\"widget\" data-widget_type=\"text-editor.default\">\n\t\t\t\t\t\t\t\t\t<div><div>De conformidad con lo dispuesto en (i) la Ley Federal de Protecci\u00f3n de Datos Personales en Posesi\u00f3n de los Particulares (la \u201cLFPD\u201d); (ii) el Reglamento de la LFPD; y (iii) los Lineamientos del Aviso de Privacidad publicados en el Diario Oficial de la Federaci\u00f3n, \u201cRuna HR\u201d, S. DE R.L. DE C.V. (\u201cRuna HR\u201d), como Responsable del tratamiento de los datos personales que recaba, pone a disposici\u00f3n de sus clientes y usuarios de plataformas digitales (cada uno referido como \u201cTitular\u201d) el presente Aviso de Privacidad (el \u201cAviso\u201d).<\/div><div>\u00a0<\/div><div>Runa HR requiere someter a tratamiento determinados datos personales con el objeto de estar en condiciones de crear perfiles para los clientes interesados, mejorar, personalizar y prestar diversos productos y servicios, configurar cuentas y perfiles de clientes y enviar ofertas promocionales. Runa HR puede obtener estos datos a trav\u00e9s de:<\/div><ul><li>(i) su(s) sitio(s) web y landing page(s) (el \u201cSitio\u201d)<\/li><li>(ii) cualquier v\u00ednculo, micrositio o acceso directamente relacionado con el Sitio y<\/li><li>(iii) software as a service denominado (la \u201cPlataforma\u201d).<\/li><\/ul><div>Runa HR se reserva el derecho de modificar en cualquier momento el contenido del presente Aviso. Cualquier cambio en el Aviso le ser\u00e1 informado al Titular a trav\u00e9s de una notificaci\u00f3n general en el Sitio y\/o la Plataforma. La modificaci\u00f3n correspondiente entrar\u00e1 en vigor a partir del d\u00eda siguiente de su publicaci\u00f3n.<\/div><h2>I. Identidad y domicilio de Runa HR<\/h2><div>Runa HR es una sociedad mercantil debidamente constituida de conformidad con la legislaci\u00f3n mexicana.<\/div><div>El domicilio de Runa HR se ubica en Av Isaac Newton 82 Int 1, Polanco, Miguel Hidalgo, \u00a0Ciudad de M\u00e9xico, M\u00e9xico, 11560<\/div><h2>II. Datos personales sujetos a tratamiento<\/h2><div>Los datos del Titular que Runa HR tratar\u00e1:<\/div><div><ul><li>a) Nombre, g\u00e9nero, fecha de nacimiento, n\u00famero de seguridad social, registro federal de contribuyentes (\u201cRFC\u201d), n\u00famero telef\u00f3nico y correo electr\u00f3nico<\/li><li>b) Informaci\u00f3n de la cuenta bancaria del Titular<\/li><\/ul><\/div><div>El Titular reconoce que los Datos Personales antes mencionados podr\u00e1n almacenarse utilizando almacenamiento en la nube. En su caso, Runa HR se asegurar\u00e1 de que el proveedor correspondiente cumpla con las disposiciones del Reglamento de la LFPD.<\/div><div>Runa HR en ning\u00fan momento recabar\u00e1 del Titular datos que puedan ser considerados como sensibles, de acuerdo con la LFPD o su Reglamento.<\/div><h2>III. Finalidades del tratamiento<\/h2><div>Los Datos Personales tratados por Runa HR ser\u00e1n utilizados para llevar a cabo las siguientes finalidades:<\/div><div>\u00a0<\/div><div><u>1. Finalidades primarias:<\/u><\/div><div><ul><li>Identificar al Titular;<\/li><li>Mejorar, personalizar y prestar diversos productos y servicios al Titular;<\/li><li>Configurar la cuenta del Titular.<\/li><li>Si transfieren datos personales deber\u00e1n establecer un checkbox para la aceptaci\u00f3n expresa de los t\u00e9rminos y condiciones del aviso de privacidad.<\/li><\/ul><\/div><div><u>2. Finalidades secundarias:<\/u><\/div><div><ul><li>Facilitar capacitaciones y -en general- contenido de inter\u00e9s o utilidad para los Titulares; y<\/li><li>Utilizar los Datos Personales para fines mercadot\u00e9cnicos, publicitarios o prospecci\u00f3n comercial.<\/li><\/ul><\/div><div>El Titular podr\u00e1 manifestar su negativa al tratamiento de sus datos con las finalidades secundarias, a trav\u00e9s del env\u00edo de un correo electr\u00f3nico en dicho sentido a <a class=\"_mizu194a _1ah31bk5 _ra3xnqa1 _128m1bk5 _1cvmnqa1 _4davt94y _4bfu1r31 _1hms8stv _ajmmnqa1 _vchhusvi _syaz14q2 _ect41gqc _1a3b1r31 _4fpr8stv _5goinqa1 _f8pj14q2 _9oik1r31 _1bnxglyw _jf4cnqa1 _30l314q2 _1nrm1r31 _c2waglyw _1iohnqa1 _9h8h16c2 _1053w7te _1ienw7te _n0fxw7te _1vhvg3x0\" title=\"mailto:info@runahr.com\" href=\"mailto:info@runahr.com\" data-renderer-mark=\"true\" data-is-router-link=\"false\" data-testid=\"link-with-safety\">info@runahr.com<\/a> \u00a0el cual deber\u00e1 contener su informaci\u00f3n de contacto y cualquier otra informaci\u00f3n que permita dar respuesta a dicho informe, absteni\u00e9ndose de proporcionar informaci\u00f3n confidencial de la que no sea Titular o de la que no tenga autorizaci\u00f3n para transferir.<\/div><h2>IV. Consentimiento del Titular<\/h2><div>El Titular manifiesta que:<\/div><div><ul><li>El presente Aviso le ha sido dado a conocer por parte de Runa HR;<\/li><li>Ha le\u00eddo, entendido y acordado los t\u00e9rminos dispuestos en el presente Aviso, por lo que otorga su consentimiento respecto del tratamiento de sus Datos Personales, espec\u00edficamente respecto de la finalidad relacionada con la transferencia de sus datos, y;<\/li><li>El uso del Sitio y\/o de la Plataforma constituye confirmaciones t\u00e1citas de su consentimiento a lo dispuesto en el presente Aviso. El Titular deber\u00e1 abstenerse de continuar utilizando el Sitio y\/o la Plataforma en caso de que no consienta con las disposiciones establecidas en el presente Aviso.<\/li><\/ul><\/div><div>Runa HR asume que la informaci\u00f3n proporcionada por el Titular le pertenece a este \u00faltimo. En caso de que no sea as\u00ed, el Titular deber\u00e1 informar dicha circunstancia inmediatamente a Runa HR, a trav\u00e9s del env\u00edo de un correo electr\u00f3nico a <a title=\"mailto:info@runahr.com\" href=\"mailto:info@runahr.com\" data-renderer-mark=\"true\" data-is-router-link=\"false\" data-testid=\"link-with-safety\">info@runahr.com<\/a> el cual deber\u00e1 contener su informaci\u00f3n de contacto y cualquier otra informaci\u00f3n que permita dar respuesta a dicho informe, absteni\u00e9ndose de proporcionar informaci\u00f3n adicional de la que no sea Titular o de la que no tenga autorizaci\u00f3n para transferir.<\/div><div>\u00a0<\/div><div>El Titular podr\u00e1 revocar el consentimiento antes referido en todo momento. Para revocar el consentimiento proporcionado, el Titular deber\u00e1 comunicar dicha circunstancia a Runa HR por medio de un correo electr\u00f3nico enviado a <a title=\"mailto:info@runahr.com\" href=\"mailto:info@runahr.com\" data-renderer-mark=\"true\" data-is-router-link=\"false\" data-testid=\"link-with-safety\">info@runahr.com<\/a> indicando las causas que lo motivan a comunicar la revocaci\u00f3n, as\u00ed como la informaci\u00f3n que permita a Runa HR responder y dar seguimiento a dicha revocaci\u00f3n.<\/div><div>\u00a0<\/div><div>En caso de que el Titular desee limitar el uso o la divulgaci\u00f3n de alguno de sus Datos Personales, podr\u00e1 en cualquier momento enviar la manifestaci\u00f3n de dicha limitaci\u00f3n a trav\u00e9s de un correo electr\u00f3nico dirigido a <a title=\"mailto:info@runahr.com\" href=\"mailto:info@runahr.com\" data-renderer-mark=\"true\" data-is-router-link=\"false\" data-testid=\"link-with-safety\">info@runahr.com<\/a>\u00a0en el cual incluir\u00e1 los Datos Personales cuyo tratamiento desea limitar, los motivos por los cuales desea limitarlos, as\u00ed como la informaci\u00f3n que permita a Runa HR dar seguimiento a dicha solicitud. En caso de ser procedente la solicitud del Titular, Runa HR registrar\u00e1 al Titular en la lista de exclusi\u00f3n que tendr\u00e1 elaborada para tal efecto.<\/div><h2>V. Derechos de Acceso, Rectificaci\u00f3n, Cancelaci\u00f3n y Oposici\u00f3n (\u201cARCO\u201d).<\/h2><div>Los Titulares tienen derecho a:<\/div><div><ul><li>Conocer qu\u00e9 Datos Personales son tratados por Runa HR y las finalidades de su tratamiento (derecho a acceso);<\/li><li>Solicitar la correcci\u00f3n de sus Datos Personales en caso de que est\u00e9n desactualizados, sean inexactos o est\u00e9n incompletos (derecho de rectificaci\u00f3n);<\/li><li>Que sus Datos Personales sean eliminados de los registros o bases de datos de Runa HR cuando consideren que no est\u00e1n siendo utilizados adecuadamente (derecho de cancelaci\u00f3n); y<\/li><li>Oponerse al uso de sus Datos Personales para fines espec\u00edficos (derecho a oposici\u00f3n) (en su conjunto, los derechos \u201cARCO\u201d)<\/li><\/ul><\/div><div>Los derechos ARCO pueden ser ejercidos en cualquier momento a trav\u00e9s del env\u00edo de un correo electr\u00f3nico dirigido a <a title=\"mailto:info@runahr.com\" href=\"mailto:info@runahr.com\" data-renderer-mark=\"true\" data-is-router-link=\"false\" data-testid=\"link-with-safety\">info@runahr.com<\/a> la solicitud de cualquiera de los derechos ARCO deber\u00e1 ir acompa\u00f1ada de lo siguiente:<\/div><div><ul><li>El nombre del Titular y\/o su domicilio o correo electr\u00f3nico, a efecto de que Runa HR pueda comunicarle la respuesta a su solicitud;<\/li><li>Los documentos que acrediten la identidad o, en su caso, la representaci\u00f3n legal del Titular;<\/li><li>La descripci\u00f3n clara y precisa de los Datos Personales respecto de los que se busca ejercer alguno de los derechos ARCO;<\/li><li>Los motivos que fundamentan o justifican el ejercicio del derecho ARCO correspondiente;<\/li><li>El formato o el medio en el que desea que Runa HR d\u00e9 respuesta a su solicitud, cuando resulte aplicable;<\/li><li>Cualquier otro elemento o documento que facilite el seguimiento a la solicitud del Titular.<\/li><\/ul><\/div><h2>VI. Uso de cookies, web beacons o tecnolog\u00edas similares o an\u00e1logas.<\/h2><div>Runa HR podr\u00e1 utilizar cookies, web beacons y u otras tecnolog\u00edas para monitorear su comportamiento como usuario de internet, con la finalidad de brindarle un mejor servicio y experiencia de usuario al navegar en el Sitio y\/o la Plataforma, as\u00ed como ofrecerle nuevos productos basados en su preferencia. Los Datos Personales que Runa HR obtiene de estas tecnolog\u00edas de rastreo son particularmente los siguientes: horario de navegaci\u00f3n, tiempo de navegaci\u00f3n, secciones consultadas y p\u00e1ginas de internet accedidas previamente, direcci\u00f3n IP de origen, navegador utilizado, sistema operativo, siendo posible monitorear su comportamiento como usuario de los servicios de internet.<\/div><\/div><h2><b>VII. Integraci\u00f3n con calendarios de terceros<\/b><\/h2>\n<p><span>En caso de que el Titular opte por utilizar la funcionalidad de integraci\u00f3n con calendarios puesta a disposici\u00f3n en la Plataforma, Runa HR solicitar\u00e1 Datos Personales adicionales provenientes de la cuenta de calendario del Titular administrada por un tercero \u2014 espec\u00edficamente, Google o Microsoft \u2014 y tratar\u00e1 dichos datos en los t\u00e9rminos del presente apartado.<\/span><\/p>\n<p><i><span>Activaci\u00f3n de la funcionalidad de integraci\u00f3n con calendarios.<\/span><\/i><span> La funcionalidad de integraci\u00f3n con calendarios es de adhesi\u00f3n voluntaria en dos niveles: el Administrador de Cuenta del Cliente deber\u00e1 primero habilitarla para la organizaci\u00f3n del Cliente, y el Titular deber\u00e1 posteriormente autorizar la conexi\u00f3n de su cuenta de calendario de Google o Microsoft a trav\u00e9s del flujo de consentimiento OAuth operado por Google o Microsoft. El Titular no est\u00e1 obligado a utilizar esta funcionalidad para poder utilizar la Plataforma.<\/span><\/p>\n<p><i><span>Datos obtenidos de Google y Microsoft.<\/span><\/i><span> Al momento en que el Titular autoriza la conexi\u00f3n, Runa HR obtiene y almacena, de manera cifrada, las credenciales de acceso (tokens de OAuth) necesarias para interactuar con el calendario del Titular en su nombre. Mediante dichas credenciales, Runa HR podr\u00e1:<\/span><\/p>\n<ul>\n<li style=\"font-weight: 400;\" aria-level=\"1\"><span>Leer, crear, actualizar y eliminar eventos de ausencia en el calendario principal del Titular que correspondan a solicitudes de ausencia aprobadas en la Plataforma;<\/span><\/li>\n<li style=\"font-weight: 400;\" aria-level=\"1\"><span>Obtener la lista de calendarios asociados a la cuenta del Titular, con el \u00fanico fin de identificar el calendario principal sobre el cual operar;<\/span><\/li>\n<li style=\"font-weight: 400;\" aria-level=\"1\"><span>Obtener la direcci\u00f3n de correo electr\u00f3nico asociada a la cuenta de Google o Microsoft del Titular, a efecto de vincular la conexi\u00f3n con la cuenta correspondiente de la Plataforma.<\/span><\/li>\n<\/ul>\n<p><span>Los \u00e1mbitos espec\u00edficos de OAuth solicitados a cada proveedor son:<\/span><\/p>\n<ul>\n<li style=\"font-weight: 400;\" aria-level=\"1\"><b>Google:<\/b> <span>https:\/\/www.googleapis.com\/auth\/calendar.events<\/span><span>, <\/span><span>https:\/\/www.googleapis.com\/auth\/calendar.calendars.readonly<\/span><span>, y <\/span><span>https:\/\/www.googleapis.com\/auth\/userinfo.email<\/span><span>.<\/span><\/li>\n<li style=\"font-weight: 400;\" aria-level=\"1\"><b>Microsoft:<\/b> <span>Calendars.ReadWrite<\/span><span> y <\/span><span>User.Read<\/span><span>.<\/span><\/li>\n<\/ul>\n<p><i><span>Limitaci\u00f3n de finalidad.<\/span><\/i><span> Los datos de calendario obtenidos de Google o Microsoft ser\u00e1n utilizados exclusivamente con la finalidad de sincronizar eventos de ausencia con solicitudes de ausencia aprobadas en la Plataforma. Runa HR no:<\/span><\/p>\n<ul>\n<li style=\"font-weight: 400;\" aria-level=\"1\"><span>Leer\u00e1, acceder\u00e1 ni almacenar\u00e1 el contenido de eventos de calendario distintos a los creados por la propia Runa HR para reflejar solicitudes de ausencia;<\/span><\/li>\n<li style=\"font-weight: 400;\" aria-level=\"1\"><span>Utilizar\u00e1 los datos de calendario con fines publicitarios, mercadot\u00e9cnicos, de prospecci\u00f3n comercial, de perfilamiento, ni para el entrenamiento de modelos de inteligencia artificial generativa;<\/span><\/li>\n<li style=\"font-weight: 400;\" aria-level=\"1\"><span>Transferir\u00e1 los datos de calendario a terceros distintos de Google o Microsoft, salvo lo estrictamente necesario para operar la funcionalidad.<\/span><\/li>\n<\/ul>\n<p><span>El uso y la transferencia por parte de Runa HR a cualquier otra aplicaci\u00f3n de la informaci\u00f3n recibida de las APIs de Google se apegar\u00e1 a la <\/span><a href=\"https:\/\/developers.google.com\/terms\/api-services-user-data-policy\"><span>Pol\u00edtica de Datos del Usuario de los Servicios de API de Google<\/span><\/a><span>, incluyendo los requisitos de Uso Limitado (\"Limited Use\").<\/span><\/p>\n<p><i><span>Almacenamiento y conservaci\u00f3n.<\/span><\/i><span> Las credenciales de acceso OAuth para Google y Microsoft se almacenan de manera cifrada mediante cifrado de sobre (envelope encryption). Los eventos de calendario creados por Runa HR en el calendario del Titular contin\u00faan existiendo en el servicio de calendario de terceros despu\u00e9s de que Runa HR los crea, sujeto a las pol\u00edticas de conservaci\u00f3n propias de Google o Microsoft. Dentro de la Plataforma, Runa HR conserva \u00fanicamente los metadatos m\u00ednimos necesarios para relacionar cada solicitud de ausencia con el evento de calendario correspondiente (por ejemplo, el identificador del evento asignado por Google o Microsoft).<\/span><\/p>\n<p><i><span>Revocaci\u00f3n y eliminaci\u00f3n.<\/span><\/i><span> El Titular podr\u00e1 desconectar su calendario en cualquier momento desde la secci\u00f3n de Configuraci\u00f3n de Cuenta de la Plataforma, en cuyo caso Runa HR eliminar\u00e1 las credenciales de acceso almacenadas. El administrador de cuenta del Cliente podr\u00e1 deshabilitar la funcionalidad de integraci\u00f3n con calendarios para toda la organizaci\u00f3n en cualquier momento, en cuyo caso dejar\u00e1 de realizarse cualquier sincronizaci\u00f3n para los Titulares asociados a dicha organizaci\u00f3n. Las credenciales de acceso tambi\u00e9n se eliminar\u00e1n al momento de la terminaci\u00f3n del contrato del Cliente con Runa HR. El Titular podr\u00e1 adicionalmente revocar el acceso de Runa HR a su calendario directamente desde la p\u00e1gina de seguridad de su cuenta de Google o Microsoft en cualquier momento, de forma independiente de la Plataforma.<\/span><\/p>\n<p><i><span>Responsables de terceros.<\/span><\/i><span> Google y Microsoft son responsables independientes de los Datos Personales contenidos en la cuenta de calendario del Titular. El tratamiento de los datos de calendario por parte de Runa HR se limita a lo descrito en este apartado; cualquier otro tratamiento del calendario del Titular por parte de Google o Microsoft se rige por las pol\u00edticas de privacidad de dichos proveedores, y no por el presente Aviso.<\/span><\/p><\/div>\t\t\t\t\t\t\t\t<\/div>\n\t\t\t\t\t<\/div>\n\t\t\t\t<\/div>\n\t\t\t\t<\/div>\n\t\t","protected":false},"excerpt":{"rendered":"<p>Aviso de Privacidad \u00daLTIMA ACTUALIZACI\u00d3N: 01 DE SEPTIEMBRE 2023 Espa\u00f1ol Ingles De conformidad con lo dispuesto en (i) la Ley Federal de Protecci\u00f3n de Datos Personales en Posesi\u00f3n de los Particulares (la \u201cLFPD\u201d); (ii) el Reglamento de la LFPD; y (iii) los Lineamientos del Aviso de Privacidad publicados en el Diario Oficial de la Federaci\u00f3n, [&hellip;]<\/p>\n","protected":false},"author":110,"featured_media":0,"parent":0,"menu_order":0,"comment_status":"closed","ping_status":"closed","template":"","meta":{"_acf_changed":false,"_wp_applaud_exclude":false,"footnotes":""},"tipo":[],"class_list":["post-1079456","page","type-page","status-publish","hentry"],"acf":[],"yoast_head":"<!-- This site is optimized with the Yoast SEO Premium plugin v26.1 (Yoast SEO v27.4) - https:\/\/yoast.com\/product\/yoast-seo-premium-wordpress\/ -->\n<title>Aviso de Privacidad | CO | Runa HR<\/title>\n<meta name=\"description\" content=\"Runa tiene pol\u00edticas y reglas espec\u00edficas en relaci\u00f3n al tratamientos de datos de sus clientes en Colombia. En la p\u00e1gina de Aviso de Privacidad, puedes leer sobre dichas estipulaciones.\" \/>\n<meta name=\"robots\" content=\"index, follow, max-snippet:-1, max-image-preview:large, max-video-preview:-1\" \/>\n<link rel=\"canonical\" href=\"https:\/\/runahr.com\/co\/aviso-de-privacidad\/\" \/>\n<meta property=\"og:locale\" content=\"es_ES\" \/>\n<meta property=\"og:type\" content=\"article\" \/>\n<meta property=\"og:title\" content=\"Aviso de Privacidad | CO | Runa HR\" \/>\n<meta property=\"og:description\" content=\"Runa tiene pol\u00edticas y reglas espec\u00edficas en relaci\u00f3n al tratamientos de datos de sus clientes en Colombia. En la p\u00e1gina de Aviso de Privacidad, puedes leer sobre dichas estipulaciones.\" \/>\n<meta property=\"og:url\" content=\"https:\/\/runahr.com\/co\/aviso-de-privacidad\/\" \/>\n<meta property=\"og:site_name\" content=\"Runa HR\" \/>\n<meta property=\"article:publisher\" content=\"https:\/\/www.facebook.com\/runahr\/\" \/>\n<meta property=\"article:modified_time\" content=\"2025-10-31T21:29:52+00:00\" \/>\n<meta property=\"og:image\" content=\"https:\/\/runahr.com\/wp-content\/uploads\/2025\/04\/image-2.png\" \/>\n\t<meta property=\"og:image:width\" content=\"512\" \/>\n\t<meta property=\"og:image:height\" content=\"286\" \/>\n\t<meta property=\"og:image:type\" content=\"image\/png\" \/>\n<meta name=\"twitter:card\" content=\"summary_large_image\" \/>\n<meta name=\"twitter:site\" content=\"@runahr\" \/>\n<meta name=\"twitter:label1\" content=\"Tiempo de lectura\" \/>\n\t<meta name=\"twitter:data1\" content=\"6 minutos\" \/>\n<!-- \/ Yoast SEO Premium plugin. -->","yoast_head_json":{"title":"Aviso de Privacidad | CO | Runa HR","description":"Runa tiene pol\u00edticas y reglas espec\u00edficas en relaci\u00f3n al tratamientos de datos de sus clientes en Colombia. En la p\u00e1gina de Aviso de Privacidad, puedes leer sobre dichas estipulaciones.","robots":{"index":"index","follow":"follow","max-snippet":"max-snippet:-1","max-image-preview":"max-image-preview:large","max-video-preview":"max-video-preview:-1"},"canonical":"https:\/\/runahr.com\/co\/aviso-de-privacidad\/","og_locale":"es_ES","og_type":"article","og_title":"Aviso de Privacidad | CO | Runa HR","og_description":"Runa tiene pol\u00edticas y reglas espec\u00edficas en relaci\u00f3n al tratamientos de datos de sus clientes en Colombia. En la p\u00e1gina de Aviso de Privacidad, puedes leer sobre dichas estipulaciones.","og_url":"https:\/\/runahr.com\/co\/aviso-de-privacidad\/","og_site_name":"Runa HR","article_publisher":"https:\/\/www.facebook.com\/runahr\/","article_modified_time":"2025-10-31T21:29:52+00:00","og_image":[{"width":512,"height":286,"url":"https:\/\/runahr.com\/wp-content\/uploads\/2025\/04\/image-2.png","type":"image\/png"}],"twitter_card":"summary_large_image","twitter_site":"@runahr","twitter_misc":{"Tiempo de lectura":"6 minutos"},"schema":{"@context":"https:\/\/schema.org","@graph":[{"@type":"WebPage","@id":"https:\/\/runahr.com\/co\/aviso-de-privacidad\/","url":"https:\/\/runahr.com\/co\/aviso-de-privacidad\/","name":"Aviso de Privacidad | CO | Runa HR","isPartOf":{"@id":"https:\/\/runahr.com\/co\/#website"},"datePublished":"2025-09-10T17:40:39+00:00","dateModified":"2025-10-31T21:29:52+00:00","description":"Runa tiene pol\u00edticas y reglas espec\u00edficas en relaci\u00f3n al tratamientos de datos de sus clientes en Colombia. En la p\u00e1gina de Aviso de Privacidad, puedes leer sobre dichas estipulaciones.","breadcrumb":{"@id":"https:\/\/runahr.com\/co\/aviso-de-privacidad\/#breadcrumb"},"inLanguage":"es-CO","potentialAction":[{"@type":"ReadAction","target":["https:\/\/runahr.com\/co\/aviso-de-privacidad\/"]}]},{"@type":"BreadcrumbList","@id":"https:\/\/runahr.com\/co\/aviso-de-privacidad\/#breadcrumb","itemListElement":[{"@type":"ListItem","position":1,"name":"Home","item":"https:\/\/runahr.com\/co\/"},{"@type":"ListItem","position":2,"name":"Aviso de Privacidad"}]},{"@type":"WebSite","@id":"https:\/\/runahr.com\/co\/#website","url":"https:\/\/runahr.com\/co\/","name":"Runa HR","description":"Software de N\u00f3mina y Gesti\u00f3n de RRHH","publisher":{"@id":"https:\/\/runahr.com\/co\/#organization"},"potentialAction":[{"@type":"SearchAction","target":{"@type":"EntryPoint","urlTemplate":"https:\/\/runahr.com\/co\/?s={search_term_string}"},"query-input":{"@type":"PropertyValueSpecification","valueRequired":true,"valueName":"search_term_string"}}],"inLanguage":"es-CO"},{"@type":"Organization","@id":"https:\/\/runahr.com\/co\/#organization","name":"Runa HR","url":"https:\/\/runahr.com\/co\/","logo":{"@type":"ImageObject","inLanguage":"es-CO","@id":"https:\/\/runahr.com\/co\/#\/schema\/logo\/image\/","url":"https:\/\/runahr.com\/wp-content\/uploads\/2018\/05\/xDzHFcQY_400x400.jpg","contentUrl":"https:\/\/runahr.com\/wp-content\/uploads\/2018\/05\/xDzHFcQY_400x400.jpg","width":400,"height":400,"caption":"Runa HR"},"image":{"@id":"https:\/\/runahr.com\/co\/#\/schema\/logo\/image\/"},"sameAs":["https:\/\/www.facebook.com\/runahr\/","https:\/\/x.com\/runahr","https:\/\/www.instagram.com\/runahr\/","https:\/\/mx.linkedin.com\/company\/runahr","https:\/\/www.youtube.com\/channel\/UCAZ21FupFMLIb1c7PPaU6Ew"]}]}},"_links":{"self":[{"href":"https:\/\/runahr.com\/co\/wp-json\/wp\/v2\/pages\/1079456","targetHints":{"allow":["GET"]}}],"collection":[{"href":"https:\/\/runahr.com\/co\/wp-json\/wp\/v2\/pages"}],"about":[{"href":"https:\/\/runahr.com\/co\/wp-json\/wp\/v2\/types\/page"}],"author":[{"embeddable":true,"href":"https:\/\/runahr.com\/co\/wp-json\/wp\/v2\/users\/110"}],"replies":[{"embeddable":true,"href":"https:\/\/runahr.com\/co\/wp-json\/wp\/v2\/comments?post=1079456"}],"version-history":[{"count":0,"href":"https:\/\/runahr.com\/co\/wp-json\/wp\/v2\/pages\/1079456\/revisions"}],"wp:attachment":[{"href":"https:\/\/runahr.com\/co\/wp-json\/wp\/v2\/media?parent=1079456"}],"wp:term":[{"taxonomy":"tipo","embeddable":true,"href":"https:\/\/runahr.com\/co\/wp-json\/wp\/v2\/tipo?post=1079456"}],"curies":[{"name":"wp","href":"https:\/\/api.w.org\/{rel}","templated":true}]}}